{"id":511,"date":"2017-04-19T12:56:32","date_gmt":"2017-04-19T10:56:32","guid":{"rendered":"http:\/\/kortum-gmbh.de\/?page_id=511"},"modified":"2026-02-21T14:26:45","modified_gmt":"2026-02-21T13:26:45","slug":"verkauf","status":"publish","type":"page","link":"https:\/\/kortum-gmbh.de\/index.php\/verkauf\/","title":{"rendered":"Verkauf"},"content":{"rendered":"<p><div class=\"fusion-fullwidth fullwidth-box fusion-builder-row-1 hundred-percent-fullwidth non-hundred-percent-height-scrolling fusion-equal-height-columns\"  style='background-color: #ededed;background-position: center center;background-repeat: no-repeat;padding-top:0px;padding-right:5%;padding-bottom:0px;padding-left:5%;margin-bottom: 0px;margin-top: 0px;'><div class=\"fusion-builder-row fusion-row \"><div  class=\"fusion-layout-column fusion_builder_column fusion_builder_column_1_2 fusion-builder-column-0 fusion-one-half fusion-column-first 1_2\"  style='margin-top:0px;margin-bottom:0px;width:50%;width:calc(50% - ( ( 5% ) * 0.5 ) );margin-right: 5%;'><div class=\"fusion-column-wrapper\" style=\"padding: 5% 0px 5% 0px;background-position:left top;background-repeat:no-repeat;-webkit-background-size:cover;-moz-background-size:cover;-o-background-size:cover;background-size:cover;\"   data-bg-url=\"\"><div class=\"fusion-column-content-centered\"><div class=\"fusion-column-content\"><div class=\"fusion-text\"><h3 class=\"p1\" data-fontsize=\"18\" data-lineheight=\"26\">Radlader und Bagger, Walzen und Kompressoren, Schlepper und Trecker, LKWs und PKWs, Reifen, Ketten, Fr\u00e4sen, Pfl\u00fcge und Schaufeln, Maschinen und Motoren, Anbauteile und Zubeh\u00f6r. Etwas vergessen? Sprechen Sie uns einfach an. Wir finden gerne, was Sie suchen.<\/h3>\n<\/div><\/div><\/div><div class=\"fusion-clearfix\"><\/div><\/div><\/div><div  class=\"fusion-layout-column fusion_builder_column fusion_builder_column_1_2 fusion-builder-column-1 fusion-one-half fusion-column-last 1_2\"  style='margin-top:0px;margin-bottom:0px;width:50%;width:calc(50% - ( ( 5% ) * 0.5 ) );'><div class=\"fusion-column-wrapper\" style=\"padding: 5% 0px 5% 0px;background-position:left top;background-repeat:no-repeat;-webkit-background-size:cover;-moz-background-size:cover;-o-background-size:cover;background-size:cover;\"   data-bg-url=\"\"><div class=\"fusion-column-content-centered\"><div class=\"fusion-column-content\"><div class=\"fusion-sep-clear\"><\/div><div class=\"fusion-separator fusion-full-width-sep sep-single sep-solid\" style=\"border-color:#000000;border-top-width:1px;margin-left: auto;margin-right: auto;margin-top:30px;margin-bottom:-10px;\"><\/div><div class=\"fusion-text\"><h3>Tel: 04321 555 188 0 \/\u00a0<span style=\"color: #333333;\"><a href=\"mailto:info@kortum-gmbh.de\">info@kortum-gmbh.de<\/a><\/span><\/h3>\n<\/div><div class=\"fusion-sep-clear\"><\/div><div class=\"fusion-separator fusion-full-width-sep sep-single sep-solid\" style=\"border-color:#000000;border-top-width:1px;margin-left: auto;margin-right: auto;margin-top:-10px;margin-bottom:-10px;\"><\/div><div class=\"fusion-text\"><h3>Besuchen Sie uns auch bei bei mobile.de<\/h3>\n<\/div><span style=\"margin-right:25px;float:left;\" class=\"fusion-imageframe imageframe-none imageframe-1 hover-type-none\"><a class=\"fusion-no-lightbox\" href=\"https:\/\/home.mobile.de\/KORTUMHANDEL#ses\" target=\"_blank\" aria-label=\"mobile.de-logo\" rel=\"noopener noreferrer\"><img loading=\"lazy\" decoding=\"async\" src=\"https:\/\/kortum-gmbh.de\/wp-content\/uploads\/2017\/04\/mobile.de-logo.png\" width=\"150\" height=\"36\" alt=\"\" class=\"img-responsive wp-image-827\"\/><\/a><\/span><div class=\"fusion-sep-clear\"><\/div><div class=\"fusion-separator fusion-full-width-sep sep-none\" style=\"margin-left: auto;margin-right: auto;margin-top:30px;\"><\/div><\/div><\/div><div class=\"fusion-clearfix\"><\/div><\/div><\/div><div  class=\"fusion-layout-column fusion_builder_column fusion_builder_column_1_1 fusion-builder-column-2 fusion-one-full fusion-column-first fusion-column-last 1_1\"  style='margin-top:0px;margin-bottom:-10px;'><div class=\"fusion-column-wrapper\" style=\"padding: 0px 0px 0px 0px;background-position:left top;background-repeat:no-repeat;-webkit-background-size:cover;-moz-background-size:cover;-o-background-size:cover;background-size:cover;\"   data-bg-url=\"\"><a class=\"fusion-modal-text-link\" href=\"#\"><div class=\"BorlabsCookie _brlbs-cb-default\"><div class=\"_brlbs-content-blocker\"> <div class=\"_brlbs-default\"> <p>Klicken Sie auf den unteren Button, um den Inhalt von home.mobile.de zu laden.<\/p> <p><a class=\"_brlbs-btn\" href=\"#\" data-borlabs-cookie-unblock role=\"button\">Inhalt laden<\/a><\/p> <\/div> <\/div><div class=\"borlabs-hide\" data-borlabs-cookie-type=\"content-blocker\" data-borlabs-cookie-id=\"default\"><script type=\"text\/template\">PGlmcmFtZSBzdHlsZT0id2lkdGg6IDEwMCU7IGhlaWdodDogOTB2aDsgbWFyZ2luLWxlZnQ6IGF1dG87IG1hcmdpbi1yaWdodDogYXV0bzsiIHRpdGxlPSJtb2JpbGUuZGUiIHNyYz0iaHR0cHM6Ly9ob21lLm1vYmlsZS5kZS9ob21lL2luZGV4Lmh0bWw\/Y3VzdG9tZXJJZD00Nzg1MzEmYW1wO3BhcnRuZXJIZWFkPWZhbHNlIj48YnIgLz4KSWhyIEJyb3dzZXI8YnIgLz4Ka2FubiBsZWlkZXIga2VpbmUgZWluZ2ViZXR0ZXRlbiBGcmFtZXMgYW56ZWlnZW4hPGJyIC8+CjwvaWZyYW1lPg==<\/script><\/div><\/div><\/a><div class=\"fusion-clearfix\"><\/div><\/div><\/div><\/div><\/div><div class=\"fusion-fullwidth fullwidth-box fusion-builder-row-2-1 nonhundred-percent-fullwidth non-hundred-percent-height-scrolling fusion-equal-height-columns\"  style='background-color: #3d3d3d;background-position: center center;background-repeat: no-repeat;margin-bottom: 0px;margin-top: 0px;'><div class=\"fusion-builder-row fusion-row \"><\/div><\/div><div class=\"fusion-fullwidth fullwidth-box fusion-builder-row-2-2 nonhundred-percent-fullwidth non-hundred-percent-height-scrolling\"  style='background-color: #ededed;background-position: center center;background-repeat: no-repeat;padding-top:5%;padding-right:5%;padding-bottom:5%;padding-left:5%;'><div class=\"fusion-builder-row fusion-row \"><div  class=\"fusion-layout-column fusion_builder_column fusion_builder_column_1_1 fusion-builder-column-3 fusion-one-full fusion-column-first fusion-column-last 1_1\"  style='margin-top:0px;margin-bottom:0px;'><div class=\"fusion-column-wrapper\" style=\"padding: 0px 0px 0px 0px;background-position:left top;background-repeat:no-repeat;-webkit-background-size:cover;-moz-background-size:cover;-o-background-size:cover;background-size:cover;\"   data-bg-url=\"\"><div class=\"fusion-text\"><h3 class=\"p1\" data-fontsize=\"22\" data-lineheight=\"33\">Nicht f\u00fcndig geworden?<\/h3>\n<h4 class=\"p1\" data-fontsize=\"22\" data-lineheight=\"33\">Sprechen Sie uns einfach an.<br \/>Wir finden gerne, was Sie suchen.<\/h4>\n<\/div><div class=\"fusion-clearfix\"><\/div><\/div><\/div><\/div><\/div><div class=\"fusion-fullwidth fullwidth-box fusion-builder-row-2-3 hundred-percent-fullwidth non-hundred-percent-height-scrolling\"  style='background-color: #353535;background-position: center center;background-repeat: no-repeat;padding-top:3%;padding-right:5%;padding-bottom:3%;padding-left:5%;margin-bottom: -70px;margin-top: 0px;'><div class=\"fusion-builder-row fusion-row \"><div  class=\"fusion-layout-column fusion_builder_column fusion_builder_column_1_3 fusion-builder-column-4 fusion-one-third fusion-column-first 1_3\"  style='margin-top:0px;margin-bottom:0px;width:33.33%;width:calc(33.33% - ( ( 5% + 5% ) * 0.3333 ) );margin-right: 5%;'><div class=\"fusion-column-wrapper\" style=\"background-color:rgba(165,165,165,0);padding: 0px 0px 0px 0px;background-position:left top;background-repeat:no-repeat;-webkit-background-size:cover;-moz-background-size:cover;-o-background-size:cover;background-size:cover;\"   data-bg-url=\"\"><div class=\"fusion-text\"><h3><span style=\"color: #ffffff;\">KORTUM<\/span><br \/>\n<span style=\"color: #ffffff;\"> Handelsgesellschaft mbH<\/span><br \/>\n<span style=\"color: #ffffff;\"> Wagrierstra\u00dfe 4<\/span><br \/>\n<span style=\"color: #ffffff;\"> 24539 Neum\u00fcnster<\/span><\/h3>\n<\/div><div class=\"fusion-clearfix\"><\/div><\/div><\/div><div  class=\"fusion-layout-column fusion_builder_column fusion_builder_column_1_3 fusion-builder-column-5 fusion-one-third 1_3\"  style='margin-top:0px;margin-bottom:0px;width:33.33%;width:calc(33.33% - ( ( 5% + 5% ) * 0.3333 ) );margin-right: 5%;'><div class=\"fusion-column-wrapper\" style=\"background-color:rgba(165,165,165,0);padding: 0px 0px 0px 0px;background-position:left top;background-repeat:no-repeat;-webkit-background-size:cover;-moz-background-size:cover;-o-background-size:cover;background-size:cover;\"   data-bg-url=\"\"><div class=\"fusion-text\"><h3><span style=\"color: #ffffff;\">Kontakt<\/span><br \/>\n<span style=\"color: #ffffff;\"> Tel: +49 (0)4321 5551880<\/span><br \/>\n<span style=\"color: #ffffff;\"> Mobil: +49 (0)172 4184180<\/span><br \/>\n<span style=\"color: #ffffff;\"> <a href=\"mailto:info@kortum-gmbh.de\">info@kortum-gmbh.de<\/a><\/span><\/h3>\n<\/div><div class=\"fusion-clearfix\"><\/div><\/div><\/div><div  class=\"fusion-layout-column fusion_builder_column fusion_builder_column_1_3 fusion-builder-column-6 fusion-one-third fusion-column-last 1_3\"  style='margin-top:0px;margin-bottom:0px;width:33.33%;width:calc(33.33% - ( ( 5% + 5% ) * 0.3333 ) );'><div class=\"fusion-column-wrapper\" style=\"background-color:rgba(165,165,165,0);padding: 0px 0px 0px 0px;background-position:left top;background-repeat:no-repeat;-webkit-background-size:cover;-moz-background-size:cover;-o-background-size:cover;background-size:cover;\"   data-bg-url=\"\"><div class=\"fusion-text\"><h5><span style=\"color: #808080;\">\u00a9 2021 Kortum GmbH<\/span><br \/>\n<a href=\"https:\/\/kortum-gmbh.de\/index.php\/impressum\/\">Impressum<\/a>\u00a0<span style=\"color: #808080;\">\/\u00a0<\/span><a href=\"https:\/\/kortum-gmbh.de\/index.php\/datenschutzerklaerung\/\">Datenschutz<\/a><br \/>\n<a href=\"http:\/\/kortum-gmbh.de\/index.php\/agbs\/\">Allg. Gesch\u00e4ftsbedingungen<\/a><\/h5>\n<h5><a href=\"https:\/\/www.kreutzbergnoack.de\" target=\"_blank\" rel=\"noopener noreferrer\">Konzept, Design &amp; Text:<br \/>\nkreutzbergnoack.de<\/a><\/h5>\n<\/div><div class=\"fusion-clearfix\"><\/div><\/div><\/div><\/div><\/div><\/p>\n","protected":false},"excerpt":{"rendered":"","protected":false},"author":1,"featured_media":0,"parent":0,"menu_order":0,"comment_status":"closed","ping_status":"closed","template":"100-width.php","meta":{"footnotes":""},"class_list":["post-511","page","type-page","status-publish","hentry"],"_links":{"self":[{"href":"https:\/\/kortum-gmbh.de\/index.php\/wp-json\/wp\/v2\/pages\/511","targetHints":{"allow":["GET"]}}],"collection":[{"href":"https:\/\/kortum-gmbh.de\/index.php\/wp-json\/wp\/v2\/pages"}],"about":[{"href":"https:\/\/kortum-gmbh.de\/index.php\/wp-json\/wp\/v2\/types\/page"}],"author":[{"embeddable":true,"href":"https:\/\/kortum-gmbh.de\/index.php\/wp-json\/wp\/v2\/users\/1"}],"replies":[{"embeddable":true,"href":"https:\/\/kortum-gmbh.de\/index.php\/wp-json\/wp\/v2\/comments?post=511"}],"version-history":[{"count":308,"href":"https:\/\/kortum-gmbh.de\/index.php\/wp-json\/wp\/v2\/pages\/511\/revisions"}],"predecessor-version":[{"id":3171,"href":"https:\/\/kortum-gmbh.de\/index.php\/wp-json\/wp\/v2\/pages\/511\/revisions\/3171"}],"wp:attachment":[{"href":"https:\/\/kortum-gmbh.de\/index.php\/wp-json\/wp\/v2\/media?parent=511"}],"curies":[{"name":"wp","href":"https:\/\/api.w.org\/{rel}","templated":true}]}}