{"id":2101,"date":"2017-07-16T16:29:57","date_gmt":"2017-07-16T14:29:57","guid":{"rendered":"http:\/\/kortum-gmbh.de\/?page_id=2101"},"modified":"2026-02-21T14:30:14","modified_gmt":"2026-02-21T13:30:14","slug":"ueber-4-3","status":"publish","type":"page","link":"https:\/\/kortum-gmbh.de\/index.php\/ueber-4-3\/","title":{"rendered":"\u00dcber"},"content":{"rendered":"<p><div class=\"fusion-fullwidth fullwidth-box fusion-builder-row-1 hundred-percent-fullwidth non-hundred-percent-height-scrolling\"  style='background-color: rgba(255,255,255,0);background-position: center center;background-repeat: no-repeat;padding-top:3%;padding-right:5%;padding-bottom:0px;padding-left:5%;'><div class=\"fusion-builder-row fusion-row \"><div  class=\"fusion-layout-column fusion_builder_column fusion_builder_column_1_2 fusion-builder-column-0 fusion-one-half fusion-column-first 1_2\"  style='margin-top:0px;margin-bottom:0px;width:48%; margin-right: 5%;'><div class=\"fusion-column-wrapper\" style=\"padding: 0px 0px 0px 0px;background-position:left top;background-repeat:no-repeat;-webkit-background-size:cover;-moz-background-size:cover;-o-background-size:cover;background-size:cover;\"   data-bg-url=\"\"><div class=\"fusion-column-content-centered\"><div class=\"fusion-column-content\"><div class=\"fusion-text\"><h2 class=\"p1\"><span class=\"s1\">Moin! Willkommen im Betrieb.<\/span><\/h2>\n<\/div><\/div><\/div><div class=\"fusion-clearfix\"><\/div><\/div><\/div><\/div><\/div><div class=\"fusion-fullwidth fullwidth-box fusion-builder-row-2 hundred-percent-fullwidth non-hundred-percent-height-scrolling\"  style='background-color: rgba(255,255,255,0);background-position: right center;background-repeat: no-repeat;padding-top:0px;padding-right:5%;padding-bottom:0px;padding-left:5%;margin-bottom: 0px;'><div class=\"fusion-builder-row fusion-row \"><div  data-animationType=fadeInDown data-animationDuration=0.3 data-animationOffset=100% class=\"fusion-layout-column fusion_builder_column fusion_builder_column_1_2 fusion-builder-column-1 fusion-one-half fusion-column-first fusion-animated 1_2\"  style='margin-top:0px;margin-bottom:0px;width:50%;width:calc(50% - ( ( 3% ) * 0.5 ) );margin-right: 3%;'><div class=\"fusion-column-wrapper\" style=\"padding: 0px 0px 0px 0px;background-position:left top;background-repeat:no-repeat;-webkit-background-size:cover;-moz-background-size:cover;-o-background-size:cover;background-size:cover;\"   data-bg-url=\"\"><div class=\"fusion-column-content-centered\"><div class=\"fusion-column-content\"><span class=\"fusion-imageframe imageframe-none imageframe-1 hover-type-none\"><img loading=\"lazy\" decoding=\"async\" src=\"https:\/\/kortum-gmbh.de\/wp-content\/uploads\/2017\/07\/ueber_kortum-1.jpg\" width=\"823\" height=\"620\" alt=\"\" title=\"ueber_kortum-1\" class=\"img-responsive wp-image-2670\" srcset=\"https:\/\/kortum-gmbh.de\/wp-content\/uploads\/2017\/07\/ueber_kortum-1-200x151.jpg 200w, https:\/\/kortum-gmbh.de\/wp-content\/uploads\/2017\/07\/ueber_kortum-1-400x301.jpg 400w, https:\/\/kortum-gmbh.de\/wp-content\/uploads\/2017\/07\/ueber_kortum-1-600x452.jpg 600w, https:\/\/kortum-gmbh.de\/wp-content\/uploads\/2017\/07\/ueber_kortum-1-800x603.jpg 800w, https:\/\/kortum-gmbh.de\/wp-content\/uploads\/2017\/07\/ueber_kortum-1.jpg 823w\" sizes=\"auto, (max-width: 800px) 100vw, 823px\" \/><\/span><div class=\"fusion-sep-clear\"><\/div><div class=\"fusion-separator fusion-full-width-sep sep-none\" style=\"margin-left: auto;margin-right: auto;margin-top:10px;\"><\/div><div class=\"fusion-text\"><h3 class=\"p1\"><span class=\"s1\">Die Kortum GmbH<\/span><\/h3>\n<h5 class=\"p1\"><span class=\"s1\">Die Kortum Handelsgesellschaft mbH ist ein kleines, familiengef\u00fchrtes Unternehmen aus Neum\u00fcnster in Schleswig-Holstein. Mit dem An- und Verkauf von britischen Armeefahrzeugen gestartet, haben wir unser Gesch\u00e4ftsfeld im Laufe der Jahre um den Handel und die Vermietung\u00a0<\/span><span class=\"s1\">von Baumaschinen, Nutz- und Kommunalfahrzeugen erweitert und blicken heute auf fast 30 Jahre Erfahrung zur\u00fcck.<\/span><\/h5>\n<\/div><\/div><\/div><div class=\"fusion-clearfix\"><\/div><\/div><\/div><div  data-animationType=fadeInDown data-animationDuration=0.3 data-animationOffset=100% class=\"fusion-layout-column fusion_builder_column fusion_builder_column_1_2 fusion-builder-column-2 fusion-one-half fusion-column-last fusion-animated 1_2\"  style='margin-top:0px;margin-bottom:0px;width:50%;width:calc(50% - ( ( 3% ) * 0.5 ) );'><div class=\"fusion-column-wrapper\" style=\"padding: 0px 0px 0px 0px;background-position:left top;background-repeat:no-repeat;-webkit-background-size:cover;-moz-background-size:cover;-o-background-size:cover;background-size:cover;\"   data-bg-url=\"\"><div class=\"fusion-column-content-centered\"><div class=\"fusion-column-content\"><span class=\"fusion-imageframe imageframe-none imageframe-2 hover-type-none\"><img loading=\"lazy\" decoding=\"async\" src=\"https:\/\/kortum-gmbh.de\/wp-content\/uploads\/2026\/02\/5c831d33-dfad-4cb2-93b8-7b5fb9105568.jpg\" width=\"2048\" height=\"1536\" alt=\"\" title=\"5c831d33-dfad-4cb2-93b8-7b5fb9105568\" class=\"img-responsive wp-image-3172\" srcset=\"https:\/\/kortum-gmbh.de\/wp-content\/uploads\/2026\/02\/5c831d33-dfad-4cb2-93b8-7b5fb9105568-200x150.jpg 200w, https:\/\/kortum-gmbh.de\/wp-content\/uploads\/2026\/02\/5c831d33-dfad-4cb2-93b8-7b5fb9105568-400x300.jpg 400w, https:\/\/kortum-gmbh.de\/wp-content\/uploads\/2026\/02\/5c831d33-dfad-4cb2-93b8-7b5fb9105568-600x450.jpg 600w, https:\/\/kortum-gmbh.de\/wp-content\/uploads\/2026\/02\/5c831d33-dfad-4cb2-93b8-7b5fb9105568-800x600.jpg 800w, https:\/\/kortum-gmbh.de\/wp-content\/uploads\/2026\/02\/5c831d33-dfad-4cb2-93b8-7b5fb9105568-1200x900.jpg 1200w, https:\/\/kortum-gmbh.de\/wp-content\/uploads\/2026\/02\/5c831d33-dfad-4cb2-93b8-7b5fb9105568.jpg 2048w\" sizes=\"auto, (max-width: 800px) 100vw, 1200px\" \/><\/span><div class=\"fusion-sep-clear\"><\/div><div class=\"fusion-separator fusion-full-width-sep sep-none\" style=\"margin-left: auto;margin-right: auto;margin-top:10px;\"><\/div><div class=\"fusion-text\"><h3 class=\"p1\"><span class=\"s1\">Was wir machen<\/span><\/h3>\n<h5 class=\"p1\"><span class=\"s1\">Kurz: Wir suchen, wir finden, wir beraten, wir vermieten, wir verkaufen, wir transportieren und wir handeln Baumaschinen, Nutz- und Kommunalfahrzeuge. Ansonsten sind wir eigentlich ganz umg\u00e4nglich und freuen uns \u00fcber pers\u00f6nlichen Kundenkontakt. Bis bald! Ihre Kortum Handelsgesellschaft.<\/span><\/h5>\n<\/div><\/div><\/div><div class=\"fusion-clearfix\"><\/div><\/div><\/div><\/div><\/div><div class=\"fusion-fullwidth fullwidth-box fusion-builder-row-3 hundred-percent-fullwidth non-hundred-percent-height-scrolling\"  style='background-color: rgba(255,255,255,0);background-position: right top;background-repeat: no-repeat;padding-top:5%;padding-right:5%;padding-bottom:1%;padding-left:5%;'><div class=\"fusion-builder-row fusion-row \"><div  class=\"fusion-layout-column fusion_builder_column fusion_builder_column_1_2 fusion-builder-column-3 fusion-one-half fusion-column-first 1_2\"  style='margin-top:0px;margin-bottom:-20px;width:48%; margin-right: 4%;'><div class=\"fusion-column-wrapper\" style=\"padding: 0px 0px 0px 0px;background-position:left top;background-repeat:no-repeat;-webkit-background-size:cover;-moz-background-size:cover;-o-background-size:cover;background-size:cover;\"   data-bg-url=\"\"><div class=\"fusion-text\"><h2>Extra ausgebuddelt: Unsere Firmengeschichte.<\/h2>\n<\/div><div class=\"fusion-clearfix\"><\/div><\/div><\/div><\/div><\/div><div class=\"fusion-fullwidth fullwidth-box fusion-builder-row-4 hundred-percent-fullwidth non-hundred-percent-height-scrolling\"  style='background-color: rgba(255,255,255,0);background-position: right top;background-repeat: no-repeat;padding-top:0px;padding-right:1%;padding-bottom:0px;padding-left:1%;'><div class=\"fusion-builder-row fusion-row \"><div  class=\"fusion-layout-column fusion_builder_column fusion_builder_column_1_1 fusion-builder-column-4 fusion-one-full fusion-column-first fusion-column-last 1_1\"  style='margin-top:0px;margin-bottom:-20px;'><div class=\"fusion-column-wrapper\" style=\"padding: 0px 0px 0px 0px;background-position:left top;background-repeat:no-repeat;-webkit-background-size:cover;-moz-background-size:cover;-o-background-size:cover;background-size:cover;\"   data-bg-url=\"\"><div class=\"fusion-image-carousel fusion-image-carousel-auto\"><div class=\"fusion-carousel\" data-autoplay=\"yes\" data-columns=\"3\" data-itemmargin=\"13\" data-itemwidth=\"180\" data-touchscroll=\"no\" data-imagesize=\"auto\" data-scrollitems=\"1\"><div class=\"fusion-carousel-positioner\"><ul class=\"fusion-carousel-holder\"><li class=\"fusion-carousel-item\"><div class=\"fusion-carousel-item-wrapper\"><div class=\"fusion-image-wrapper hover-type-none\"><img loading=\"lazy\" decoding=\"async\" width=\"1181\" height=\"787\" src=\"https:\/\/kortum-gmbh.de\/wp-content\/uploads\/2017\/08\/kortum_geschichte-2.jpg\" class=\"attachment-full size-full\" alt=\"\" srcset=\"https:\/\/kortum-gmbh.de\/wp-content\/uploads\/2017\/08\/kortum_geschichte-2-200x133.jpg 200w, https:\/\/kortum-gmbh.de\/wp-content\/uploads\/2017\/08\/kortum_geschichte-2-400x267.jpg 400w, https:\/\/kortum-gmbh.de\/wp-content\/uploads\/2017\/08\/kortum_geschichte-2-600x400.jpg 600w, https:\/\/kortum-gmbh.de\/wp-content\/uploads\/2017\/08\/kortum_geschichte-2-800x533.jpg 800w, https:\/\/kortum-gmbh.de\/wp-content\/uploads\/2017\/08\/kortum_geschichte-2.jpg 1181w\" sizes=\"auto, (min-width: 1200px) 33vw, (min-width: 2200px) 100vw, (min-width: 784px) 619px, (min-width: 712px) 784px, (min-width: 640px) 712px, \" \/><\/div><\/div><\/li><li class=\"fusion-carousel-item\"><div class=\"fusion-carousel-item-wrapper\"><div class=\"fusion-image-wrapper hover-type-none\"><img loading=\"lazy\" decoding=\"async\" width=\"1181\" height=\"787\" src=\"https:\/\/kortum-gmbh.de\/wp-content\/uploads\/2017\/08\/kortum_geschichte-3.jpg\" class=\"attachment-full size-full\" alt=\"\" srcset=\"https:\/\/kortum-gmbh.de\/wp-content\/uploads\/2017\/08\/kortum_geschichte-3-200x133.jpg 200w, https:\/\/kortum-gmbh.de\/wp-content\/uploads\/2017\/08\/kortum_geschichte-3-400x267.jpg 400w, https:\/\/kortum-gmbh.de\/wp-content\/uploads\/2017\/08\/kortum_geschichte-3-600x400.jpg 600w, https:\/\/kortum-gmbh.de\/wp-content\/uploads\/2017\/08\/kortum_geschichte-3-800x533.jpg 800w, https:\/\/kortum-gmbh.de\/wp-content\/uploads\/2017\/08\/kortum_geschichte-3.jpg 1181w\" sizes=\"auto, (min-width: 1200px) 33vw, (min-width: 2200px) 100vw, (min-width: 784px) 619px, (min-width: 712px) 784px, (min-width: 640px) 712px, \" \/><\/div><\/div><\/li><li class=\"fusion-carousel-item\"><div class=\"fusion-carousel-item-wrapper\"><div class=\"fusion-image-wrapper hover-type-none\"><img loading=\"lazy\" decoding=\"async\" width=\"1181\" height=\"787\" src=\"https:\/\/kortum-gmbh.de\/wp-content\/uploads\/2017\/08\/kortum_geschichte-4.jpg\" class=\"attachment-full size-full\" alt=\"\" srcset=\"https:\/\/kortum-gmbh.de\/wp-content\/uploads\/2017\/08\/kortum_geschichte-4-200x133.jpg 200w, https:\/\/kortum-gmbh.de\/wp-content\/uploads\/2017\/08\/kortum_geschichte-4-400x267.jpg 400w, https:\/\/kortum-gmbh.de\/wp-content\/uploads\/2017\/08\/kortum_geschichte-4-600x400.jpg 600w, https:\/\/kortum-gmbh.de\/wp-content\/uploads\/2017\/08\/kortum_geschichte-4-800x533.jpg 800w, https:\/\/kortum-gmbh.de\/wp-content\/uploads\/2017\/08\/kortum_geschichte-4.jpg 1181w\" sizes=\"auto, (min-width: 1200px) 33vw, (min-width: 2200px) 100vw, (min-width: 784px) 619px, (min-width: 712px) 784px, (min-width: 640px) 712px, \" \/><\/div><\/div><\/li><li class=\"fusion-carousel-item\"><div class=\"fusion-carousel-item-wrapper\"><div class=\"fusion-image-wrapper hover-type-none\"><img loading=\"lazy\" decoding=\"async\" width=\"1181\" height=\"788\" src=\"https:\/\/kortum-gmbh.de\/wp-content\/uploads\/2017\/08\/kortum_geschichte-6.jpg\" class=\"attachment-full size-full\" alt=\"\" srcset=\"https:\/\/kortum-gmbh.de\/wp-content\/uploads\/2017\/08\/kortum_geschichte-6-200x133.jpg 200w, https:\/\/kortum-gmbh.de\/wp-content\/uploads\/2017\/08\/kortum_geschichte-6-400x267.jpg 400w, https:\/\/kortum-gmbh.de\/wp-content\/uploads\/2017\/08\/kortum_geschichte-6-600x400.jpg 600w, https:\/\/kortum-gmbh.de\/wp-content\/uploads\/2017\/08\/kortum_geschichte-6-800x534.jpg 800w, https:\/\/kortum-gmbh.de\/wp-content\/uploads\/2017\/08\/kortum_geschichte-6.jpg 1181w\" sizes=\"auto, (min-width: 1200px) 33vw, (min-width: 2200px) 100vw, (min-width: 784px) 619px, (min-width: 712px) 784px, (min-width: 640px) 712px, \" \/><\/div><\/div><\/li><li class=\"fusion-carousel-item\"><div class=\"fusion-carousel-item-wrapper\"><div class=\"fusion-image-wrapper hover-type-none\"><img loading=\"lazy\" decoding=\"async\" width=\"1181\" height=\"787\" src=\"https:\/\/kortum-gmbh.de\/wp-content\/uploads\/2017\/08\/kortum_geschichte-5-1.jpg\" class=\"attachment-full size-full\" alt=\"\" srcset=\"https:\/\/kortum-gmbh.de\/wp-content\/uploads\/2017\/08\/kortum_geschichte-5-1-200x133.jpg 200w, https:\/\/kortum-gmbh.de\/wp-content\/uploads\/2017\/08\/kortum_geschichte-5-1-400x267.jpg 400w, https:\/\/kortum-gmbh.de\/wp-content\/uploads\/2017\/08\/kortum_geschichte-5-1-600x400.jpg 600w, https:\/\/kortum-gmbh.de\/wp-content\/uploads\/2017\/08\/kortum_geschichte-5-1-800x533.jpg 800w, https:\/\/kortum-gmbh.de\/wp-content\/uploads\/2017\/08\/kortum_geschichte-5-1.jpg 1181w\" sizes=\"auto, (min-width: 1200px) 33vw, (min-width: 2200px) 100vw, (min-width: 784px) 619px, (min-width: 712px) 784px, (min-width: 640px) 712px, \" \/><\/div><\/div><\/li><li class=\"fusion-carousel-item\"><div class=\"fusion-carousel-item-wrapper\"><div class=\"fusion-image-wrapper hover-type-none\"><img loading=\"lazy\" decoding=\"async\" width=\"1181\" height=\"787\" src=\"https:\/\/kortum-gmbh.de\/wp-content\/uploads\/2017\/08\/kortum_geschichte-1.jpg\" class=\"attachment-full size-full\" alt=\"\" srcset=\"https:\/\/kortum-gmbh.de\/wp-content\/uploads\/2017\/08\/kortum_geschichte-1-200x133.jpg 200w, https:\/\/kortum-gmbh.de\/wp-content\/uploads\/2017\/08\/kortum_geschichte-1-400x267.jpg 400w, https:\/\/kortum-gmbh.de\/wp-content\/uploads\/2017\/08\/kortum_geschichte-1-600x400.jpg 600w, https:\/\/kortum-gmbh.de\/wp-content\/uploads\/2017\/08\/kortum_geschichte-1-800x533.jpg 800w, https:\/\/kortum-gmbh.de\/wp-content\/uploads\/2017\/08\/kortum_geschichte-1.jpg 1181w\" sizes=\"auto, (min-width: 1200px) 33vw, (min-width: 2200px) 100vw, (min-width: 784px) 619px, (min-width: 712px) 784px, (min-width: 640px) 712px, \" \/><\/div><\/div><\/li><\/ul><\/div><\/div><\/div><div class=\"fusion-clearfix\"><\/div><\/div><\/div><\/div><\/div><div class=\"fusion-fullwidth fullwidth-box fusion-builder-row-5 hundred-percent-fullwidth non-hundred-percent-height-scrolling\"  style='background-color: rgba(255,255,255,0);background-position: right top;background-repeat: no-repeat;padding-right:5%;padding-bottom:5%;padding-left:5%;margin-top: -20px;'><div class=\"fusion-builder-row fusion-row \"><div  class=\"fusion-layout-column fusion_builder_column fusion_builder_column_1_4 fusion-builder-column-5 fusion-one-fourth fusion-column-first 1_4\"  style='margin-top:0px;margin-bottom:0px;width:25%;width:calc(25% - ( ( 3% + 3% + 3% ) * 0.25 ) );margin-right: 3%;'><div class=\"fusion-column-wrapper\" style=\"padding: 5px 0px 20px 0px;background-position:left top;background-repeat:no-repeat;-webkit-background-size:cover;-moz-background-size:cover;-o-background-size:cover;background-size:cover;\"   data-bg-url=\"\"><div class=\"fusion-text\"><h3>Die Anf\u00e4nge<\/h3>\n<\/div><div class=\"fusion-text\"><h5 class=\"p1\"><span class=\"s1\">Los ging es im Jahr 1989 \u2013 in Bordesholm, Schleswig-Holstein, ahoi! Und das nicht ganz gew\u00f6hnlich: Unsere ersten An- und Verk\u00e4ufe waren Fahrzeuge der britischen Armee und zugeh\u00f6riges Armee-Material: Besonders Land Rover hatten es uns angetan.<\/span><\/h5>\n<\/div><div class=\"fusion-clearfix\"><\/div><\/div><\/div><div  class=\"fusion-layout-column fusion_builder_column fusion_builder_column_1_4 fusion-builder-column-6 fusion-one-fourth 1_4\"  style='margin-top:0px;margin-bottom:0px;width:25%;width:calc(25% - ( ( 3% + 3% + 3% ) * 0.25 ) );margin-right: 3%;'><div class=\"fusion-column-wrapper\" style=\"padding: 5px 0px 20px 0px;background-position:left top;background-repeat:no-repeat;-webkit-background-size:cover;-moz-background-size:cover;-o-background-size:cover;background-size:cover;\"   data-bg-url=\"\"><div class=\"fusion-text\"><h3>Expansion<\/h3>\n<\/div><div class=\"fusion-text\"><h5>Zu Beginn der 1990er Jahre erweiterten wir das Segment der Nutzfahrzeuge auch auf LKWs der britischen Armee. Gro\u00dfen Aufschwung brachte das Jahr 1993\/94: Im Zuge der Aufl\u00f6sung der alliierten Streitkr\u00e4fte in Berlin wurden gro\u00dfe Mengen Maschinen und Fahrzeugen ver\u00e4u\u00dfert. Mit dem Handel dieser Maschinen konnten wir den wirtschaftlichen Grundstein f\u00fcr die weitere erfolgreiche Entwicklung unserer Firma legen.<\/h5>\n<\/div><div class=\"fusion-clearfix\"><\/div><\/div><\/div><div  class=\"fusion-layout-column fusion_builder_column fusion_builder_column_1_4 fusion-builder-column-7 fusion-one-fourth 1_4\"  style='margin-top:0px;margin-bottom:0px;width:25%;width:calc(25% - ( ( 3% + 3% + 3% ) * 0.25 ) );margin-right: 3%;'><div class=\"fusion-column-wrapper\" style=\"padding: 5px 0px 20px 0px;background-position:left top;background-repeat:no-repeat;-webkit-background-size:cover;-moz-background-size:cover;-o-background-size:cover;background-size:cover;\"   data-bg-url=\"\"><div class=\"fusion-text\"><h3>Handel ist Wandel<\/h3>\n<\/div><div class=\"fusion-text\"><h5>Das Gesch\u00e4ft wuchs zunehmend und forderte mehr Raum. 1997\/98 folgte deshalb der Umzug auf ein gr\u00f6\u00dferes Betriebsgel\u00e4nde in Bornh\u00f6ved. Zwischen 1998 und 2004 wurde hier das Gesch\u00e4ft mit den LKWs fortgef\u00fchrt. Mit der Zeit kamen zunehmend schwere LKWs, Kommunalaschinen und Baumaschinen dazu.<\/h5>\n<\/div><div class=\"fusion-clearfix\"><\/div><\/div><\/div><div  class=\"fusion-layout-column fusion_builder_column fusion_builder_column_1_4 fusion-builder-column-8 fusion-one-fourth fusion-column-last 1_4\"  style='margin-top:0px;margin-bottom:0px;width:25%;width:calc(25% - ( ( 3% + 3% + 3% ) * 0.25 ) );'><div class=\"fusion-column-wrapper\" style=\"padding: 5px 0px 20px 0px;background-position:left top;background-repeat:no-repeat;-webkit-background-size:cover;-moz-background-size:cover;-o-background-size:cover;background-size:cover;\"   data-bg-url=\"\"><div class=\"fusion-text\"><h3>Kortum heute<\/h3>\n<\/div><div class=\"fusion-text\"><h5>Im Jahr 2004 erfolgte ein erneuter Umzug auf das Betriebsgel\u00e4nde in Neum\u00fcnster in die Wagrierstra\u00dfe 4. Von nun an lag der Schwerpunkt des Handels vor allem auf Baumaschinen. Im gleichen Jahr wurde aus dem Einzelunternehmen schlie\u00dflich die Kortum GmbH, so wie sie bis heute besteht. Seit 2021 arbeitet nun auch Kais Sohn, Erik Kortum mit im Unternehmen, nach langj\u00e4hriger Berufserfahrung in der Branche, unterst\u00fctzt er die Kortum Handelsgesellschaft tatkr\u00e4ftig.<\/h5>\n<\/div><div class=\"fusion-clearfix\"><\/div><\/div><\/div><\/div><\/div><div class=\"fusion-fullwidth fullwidth-box fusion-builder-row-6 hundred-percent-fullwidth non-hundred-percent-height-scrolling\"  style='background-color: #353535;background-position: center center;background-repeat: no-repeat;padding-top:3%;padding-right:5%;padding-bottom:3%;padding-left:5%;margin-bottom: -70px;margin-top: 0px;'><div class=\"fusion-builder-row fusion-row \"><div  class=\"fusion-layout-column fusion_builder_column fusion_builder_column_1_3 fusion-builder-column-9 fusion-one-third fusion-column-first 1_3\"  style='margin-top:0px;margin-bottom:0px;width:33.33%;width:calc(33.33% - ( ( 5% + 5% ) * 0.3333 ) );margin-right: 5%;'><div class=\"fusion-column-wrapper\" style=\"background-color:rgba(165,165,165,0);padding: 0px 0px 0px 0px;background-position:left top;background-repeat:no-repeat;-webkit-background-size:cover;-moz-background-size:cover;-o-background-size:cover;background-size:cover;\"   data-bg-url=\"\"><div class=\"fusion-text\"><h3><span style=\"color: #ffffff;\">KORTUM<\/span><br \/>\n<span style=\"color: #ffffff;\"> Handelsgesellschaft mbH<\/span><br \/>\n<span style=\"color: #ffffff;\"> Wagrierstra\u00dfe 4<\/span><br \/>\n<span style=\"color: #ffffff;\"> 24539 Neum\u00fcnster<\/span><\/h3>\n<\/div><div class=\"fusion-clearfix\"><\/div><\/div><\/div><div  class=\"fusion-layout-column fusion_builder_column fusion_builder_column_1_3 fusion-builder-column-10 fusion-one-third 1_3\"  style='margin-top:0px;margin-bottom:0px;width:33.33%;width:calc(33.33% - ( ( 5% + 5% ) * 0.3333 ) );margin-right: 5%;'><div class=\"fusion-column-wrapper\" style=\"background-color:rgba(165,165,165,0);padding: 0px 0px 0px 0px;background-position:left top;background-repeat:no-repeat;-webkit-background-size:cover;-moz-background-size:cover;-o-background-size:cover;background-size:cover;\"   data-bg-url=\"\"><div class=\"fusion-text\"><h3><span style=\"color: #ffffff;\">Kontakt<\/span><br \/>\n<span style=\"color: #ffffff;\"> Tel: +49 (0)4321 5551880<\/span><br \/>\n<span style=\"color: #ffffff;\"> Mobil: +49 (0)172 4184180<\/span><br \/>\n<span style=\"color: #ffffff;\"> <a href=\"mailto:info@kortum-gmbh.de\">info@kortum-gmbh.de<\/a><\/span><\/h3>\n<\/div><div class=\"fusion-clearfix\"><\/div><\/div><\/div><div  class=\"fusion-layout-column fusion_builder_column fusion_builder_column_1_3 fusion-builder-column-11 fusion-one-third fusion-column-last 1_3\"  style='margin-top:0px;margin-bottom:0px;width:33.33%;width:calc(33.33% - ( ( 5% + 5% ) * 0.3333 ) );'><div class=\"fusion-column-wrapper\" style=\"background-color:rgba(165,165,165,0);padding: 0px 0px 0px 0px;background-position:left top;background-repeat:no-repeat;-webkit-background-size:cover;-moz-background-size:cover;-o-background-size:cover;background-size:cover;\"   data-bg-url=\"\"><div class=\"fusion-text\"><h5><span style=\"color: #808080;\">\u00a9 2021 Kortum GmbH<\/span><br \/>\n<a href=\"http:\/\/kortum-gmbh.de\/index.php\/impressum\/\">Impressum<\/a>\u00a0<span style=\"color: #808080;\">\/\u00a0<\/span><a href=\"http:\/\/kortum-gmbh.de\/index.php\/datenschutzerklaerung\/\">Datenschutz<\/a><br \/>\n<a href=\"http:\/\/kortum-gmbh.de\/index.php\/agbs\/\">Allg. Gesch\u00e4ftsbedingungen<\/a><\/h5>\n<h5><a href=\"http:\/\/www.kreutzbergnoack.de\" target=\"_blank\" rel=\"noopener noreferrer\">Konzept, Design &amp; Text:<br \/>\nkreutzbergnoack.de<\/a><\/h5>\n<\/div><div class=\"fusion-clearfix\"><\/div><\/div><\/div><\/div><\/div><\/p>\n","protected":false},"excerpt":{"rendered":"","protected":false},"author":1,"featured_media":0,"parent":0,"menu_order":0,"comment_status":"closed","ping_status":"closed","template":"100-width.php","meta":{"footnotes":""},"class_list":["post-2101","page","type-page","status-publish","hentry"],"_links":{"self":[{"href":"https:\/\/kortum-gmbh.de\/index.php\/wp-json\/wp\/v2\/pages\/2101","targetHints":{"allow":["GET"]}}],"collection":[{"href":"https:\/\/kortum-gmbh.de\/index.php\/wp-json\/wp\/v2\/pages"}],"about":[{"href":"https:\/\/kortum-gmbh.de\/index.php\/wp-json\/wp\/v2\/types\/page"}],"author":[{"embeddable":true,"href":"https:\/\/kortum-gmbh.de\/index.php\/wp-json\/wp\/v2\/users\/1"}],"replies":[{"embeddable":true,"href":"https:\/\/kortum-gmbh.de\/index.php\/wp-json\/wp\/v2\/comments?post=2101"}],"version-history":[{"count":203,"href":"https:\/\/kortum-gmbh.de\/index.php\/wp-json\/wp\/v2\/pages\/2101\/revisions"}],"predecessor-version":[{"id":3173,"href":"https:\/\/kortum-gmbh.de\/index.php\/wp-json\/wp\/v2\/pages\/2101\/revisions\/3173"}],"wp:attachment":[{"href":"https:\/\/kortum-gmbh.de\/index.php\/wp-json\/wp\/v2\/media?parent=2101"}],"curies":[{"name":"wp","href":"https:\/\/api.w.org\/{rel}","templated":true}]}}